{"id":1443,"date":"2020-12-01T12:19:14","date_gmt":"2020-12-01T09:19:14","guid":{"rendered":"http:\/\/www.grafas.org\/demo05\/?page_id=1443"},"modified":"2026-05-12T21:06:34","modified_gmt":"2026-05-12T21:06:34","slug":"o-firmie","status":"publish","type":"page","link":"https:\/\/lawetakacpi.pl\/?page_id=1443","title":{"rendered":"O firmie"},"content":{"rendered":"\t\t<div data-elementor-type=\"wp-page\" data-elementor-id=\"1443\" class=\"elementor elementor-1443\">\n\t\t\t\t\t\t<section class=\"elementor-section elementor-top-section elementor-element elementor-element-5cadc1e elementor-section-boxed elementor-section-height-default elementor-section-height-default\" data-id=\"5cadc1e\" data-element_type=\"section\" data-e-type=\"section\" data-settings=\"{&quot;background_background&quot;:&quot;classic&quot;}\">\n\t\t\t\t\t\t\t<div class=\"elementor-background-overlay\"><\/div>\n\t\t\t\t\t\t\t<div class=\"elementor-container elementor-column-gap-default\">\n\t\t\t\t\t<div class=\"elementor-column elementor-col-50 elementor-top-column elementor-element elementor-element-8bbd047\" data-id=\"8bbd047\" data-element_type=\"column\" data-e-type=\"column\">\n\t\t\t<div class=\"elementor-widget-wrap elementor-element-populated\">\n\t\t\t\t\t\t<div class=\"elementor-element elementor-element-156a04d elementor-widget elementor-widget-heading\" data-id=\"156a04d\" data-element_type=\"widget\" data-e-type=\"widget\" data-widget_type=\"heading.default\">\n\t\t\t\t\t<h1 class=\"elementor-heading-title elementor-size-default\">O nas<\/h1>\t\t\t\t<\/div>\n\t\t\t\t\t<\/div>\n\t\t<\/div>\n\t\t\t\t<div class=\"elementor-column elementor-col-50 elementor-top-column elementor-element elementor-element-9e371d3 elementor-hidden-tablet elementor-hidden-phone\" data-id=\"9e371d3\" data-element_type=\"column\" data-e-type=\"column\">\n\t\t\t<div class=\"elementor-widget-wrap\">\n\t\t\t\t\t\t\t<\/div>\n\t\t<\/div>\n\t\t\t\t\t<\/div>\n\t\t<\/section>\n\t\t\t\t<section class=\"elementor-section elementor-top-section elementor-element elementor-element-93a58b2 elementor-section-boxed elementor-section-height-default elementor-section-height-default\" data-id=\"93a58b2\" data-element_type=\"section\" data-e-type=\"section\">\n\t\t\t\t\t\t<div class=\"elementor-container elementor-column-gap-default\">\n\t\t\t\t\t<div class=\"elementor-column elementor-col-50 elementor-top-column elementor-element elementor-element-ab63f84 elementor-invisible\" data-id=\"ab63f84\" data-element_type=\"column\" data-e-type=\"column\" data-settings=\"{&quot;animation&quot;:&quot;fadeIn&quot;,&quot;animation_delay&quot;:300}\">\n\t\t\t<div class=\"elementor-widget-wrap elementor-element-populated\">\n\t\t\t\t\t\t<div class=\"elementor-element elementor-element-aaf0bd6 elementor-widget elementor-widget-heading\" data-id=\"aaf0bd6\" data-element_type=\"widget\" data-e-type=\"widget\" data-widget_type=\"heading.default\">\n\t\t\t\t\t<h5 class=\"elementor-heading-title elementor-size-default\">Nasza historia i misja<\/h5>\t\t\t\t<\/div>\n\t\t\t\t<div class=\"elementor-element elementor-element-1ee1dcf elementor-widget elementor-widget-heading\" data-id=\"1ee1dcf\" data-element_type=\"widget\" data-e-type=\"widget\" data-widget_type=\"heading.default\">\n\t\t\t\t\t<h3 class=\"elementor-heading-title elementor-size-default\">Od lokalnej pomocy drogowej po og\u00f3lnopolski transport towarowy.<\/h3>\t\t\t\t<\/div>\n\t\t\t\t<div class=\"elementor-element elementor-element-3c45338 elementor-widget elementor-widget-text-editor\" data-id=\"3c45338\" data-element_type=\"widget\" data-e-type=\"widget\" data-widget_type=\"text-editor.default\">\n\t\t\t\t\t\t\t\t\t<p>Firma KACPI powsta\u0142a z pasji do motoryzacji i ch\u0119ci niesienia pomocy kierowcom w trudnych sytuacjach. Zaczynali\u015bmy w Tarnowie, ale dzi\u0119ki zaufaniu naszych klient\u00f3w, dzi\u015b nasze autolawety i busy dostawcze mo\u017cna spotka\u0107 na drogach w ca\u0142ym kraju.<\/p><p>To, co nas wyr\u00f3\u017cnia, to wszechstronno\u015b\u0107. Posiadamy nie tylko profesjonaln\u0105 autolawet\u0119 do ratownictwa drogowego, ale r\u00f3wnie\u017c rozbudowan\u0105 flot\u0119 pojazd\u00f3w do 3.5t.<\/p>\t\t\t\t\t\t\t\t<\/div>\n\t\t\t\t\t<\/div>\n\t\t<\/div>\n\t\t\t\t<div class=\"elementor-column elementor-col-50 elementor-top-column elementor-element elementor-element-3674554\" data-id=\"3674554\" data-element_type=\"column\" data-e-type=\"column\">\n\t\t\t<div class=\"elementor-widget-wrap elementor-element-populated\">\n\t\t\t\t\t\t<div class=\"elementor-element elementor-element-cc18610 elementor-widget elementor-widget-image-carousel\" data-id=\"cc18610\" data-element_type=\"widget\" data-e-type=\"widget\" data-settings=\"{&quot;navigation&quot;:&quot;none&quot;,&quot;slides_to_show&quot;:&quot;1&quot;,&quot;autoplay_speed&quot;:3000,&quot;effect&quot;:&quot;fade&quot;,&quot;speed&quot;:600,&quot;autoplay&quot;:&quot;yes&quot;,&quot;pause_on_hover&quot;:&quot;yes&quot;,&quot;pause_on_interaction&quot;:&quot;yes&quot;,&quot;infinite&quot;:&quot;yes&quot;}\" data-widget_type=\"image-carousel.default\">\n\t\t\t\t\t\t\t<div class=\"elementor-image-carousel-wrapper swiper\" role=\"region\" aria-roledescription=\"carousel\" aria-label=\"Karuzela obrazk\u00f3w\" dir=\"ltr\">\n\t\t\t<div class=\"elementor-image-carousel swiper-wrapper\" aria-live=\"off\">\n\t\t\t\t\t\t\t\t<div class=\"swiper-slide\" role=\"group\" aria-roledescription=\"slide\" aria-label=\"1 z 4\"><figure class=\"swiper-slide-inner\"><img decoding=\"async\" class=\"swiper-slide-image\" src=\"https:\/\/lawetakacpi.pl\/wp-content\/uploads\/2020\/11\/pexels-fauxels-3184655.jpg\" alt=\"pexels-fauxels-3184655\" \/><\/figure><\/div><div class=\"swiper-slide\" role=\"group\" aria-roledescription=\"slide\" aria-label=\"2 z 4\"><figure class=\"swiper-slide-inner\"><img decoding=\"async\" class=\"swiper-slide-image\" src=\"https:\/\/lawetakacpi.pl\/wp-content\/uploads\/2020\/11\/pexels-fauxels-3184643.jpg\" alt=\"pexels-fauxels-3184643\" \/><\/figure><\/div><div class=\"swiper-slide\" role=\"group\" aria-roledescription=\"slide\" aria-label=\"3 z 4\"><figure class=\"swiper-slide-inner\"><img decoding=\"async\" class=\"swiper-slide-image\" src=\"https:\/\/lawetakacpi.pl\/wp-content\/uploads\/2020\/11\/pexels-fauxels-3184651.jpg\" alt=\"pexels-fauxels-3184651\" \/><\/figure><\/div><div class=\"swiper-slide\" role=\"group\" aria-roledescription=\"slide\" aria-label=\"4 z 4\"><figure class=\"swiper-slide-inner\"><img decoding=\"async\" class=\"swiper-slide-image\" src=\"https:\/\/lawetakacpi.pl\/wp-content\/uploads\/2020\/11\/pexels-fauxels-3184657.jpg\" alt=\"pexels-fauxels-3184657\" \/><\/figure><\/div>\t\t\t<\/div>\n\t\t\t\t\t\t\t\n\t\t\t\t\t\t\t\t\t<\/div>\n\t\t\t\t\t\t<\/div>\n\t\t\t\t\t<\/div>\n\t\t<\/div>\n\t\t\t\t\t<\/div>\n\t\t<\/section>\n\t\t\t\t<section class=\"elementor-section elementor-top-section elementor-element elementor-element-d55a11f elementor-reverse-tablet elementor-reverse-mobile elementor-section-boxed elementor-section-height-default elementor-section-height-default\" data-id=\"d55a11f\" data-element_type=\"section\" data-e-type=\"section\">\n\t\t\t\t\t\t<div class=\"elementor-container elementor-column-gap-default\">\n\t\t\t\t\t<div class=\"elementor-column elementor-col-50 elementor-top-column elementor-element elementor-element-25e72ac\" data-id=\"25e72ac\" data-element_type=\"column\" data-e-type=\"column\">\n\t\t\t<div class=\"elementor-widget-wrap elementor-element-populated\">\n\t\t\t\t\t\t<div class=\"elementor-element elementor-element-de7c0bc elementor-widget elementor-widget-image\" data-id=\"de7c0bc\" data-element_type=\"widget\" data-e-type=\"widget\" data-widget_type=\"image.default\">\n\t\t\t\t\t\t\t\t\t\t\t\t\t\t\t<img fetchpriority=\"high\" decoding=\"async\" width=\"900\" height=\"1205\" src=\"https:\/\/lawetakacpi.pl\/wp-content\/uploads\/2020\/11\/pexels-fauxels-3184359.jpg\" class=\"attachment-full size-full wp-image-1254\" alt=\"\" srcset=\"https:\/\/lawetakacpi.pl\/wp-content\/uploads\/2020\/11\/pexels-fauxels-3184359.jpg 900w, https:\/\/lawetakacpi.pl\/wp-content\/uploads\/2020\/11\/pexels-fauxels-3184359-224x300.jpg 224w, https:\/\/lawetakacpi.pl\/wp-content\/uploads\/2020\/11\/pexels-fauxels-3184359-765x1024.jpg 765w, https:\/\/lawetakacpi.pl\/wp-content\/uploads\/2020\/11\/pexels-fauxels-3184359-768x1028.jpg 768w\" sizes=\"(max-width: 900px) 100vw, 900px\" \/>\t\t\t\t\t\t\t\t\t\t\t\t\t\t\t<\/div>\n\t\t\t\t\t<\/div>\n\t\t<\/div>\n\t\t\t\t<div class=\"elementor-column elementor-col-50 elementor-top-column elementor-element elementor-element-84c5d1a elementor-invisible\" data-id=\"84c5d1a\" data-element_type=\"column\" data-e-type=\"column\" data-settings=\"{&quot;animation&quot;:&quot;fadeIn&quot;,&quot;animation_delay&quot;:300}\">\n\t\t\t<div class=\"elementor-widget-wrap elementor-element-populated\">\n\t\t\t\t\t\t<div class=\"elementor-element elementor-element-b677818 elementor-widget elementor-widget-heading\" data-id=\"b677818\" data-element_type=\"widget\" data-e-type=\"widget\" data-widget_type=\"heading.default\">\n\t\t\t\t\t<h5 class=\"elementor-heading-title elementor-size-default\">Nasze zasady<\/h5>\t\t\t\t<\/div>\n\t\t\t\t<div class=\"elementor-element elementor-element-ef05dc6 elementor-widget elementor-widget-heading\" data-id=\"ef05dc6\" data-element_type=\"widget\" data-e-type=\"widget\" data-widget_type=\"heading.default\">\n\t\t\t\t\t<h3 class=\"elementor-heading-title elementor-size-default\">Bezpiecze\u0144stwo Twojego \u0142adunku jest dla nas priorytetem.<\/h3>\t\t\t\t<\/div>\n\t\t\t\t<div class=\"elementor-element elementor-element-72aca07 elementor-widget elementor-widget-text-editor\" data-id=\"72aca07\" data-element_type=\"widget\" data-e-type=\"widget\" data-widget_type=\"text-editor.default\">\n\t\t\t\t\t\t\t\t\t<p>Wiemy, \u017ce sytuacje drogowe bywaj\u0105 stresuj\u0105ce, a transport cennych towar\u00f3w wymaga pe\u0142nego skupienia. Dlatego w KACPI stawiamy na transparentno\u015b\u0107 i rzetelno\u015b\u0107. Ka\u017cde zlecenie, od holowania auta osobowego po transport ch\u0142odniczy, realizujemy z tak\u0105 sam\u0105 dba\u0142o\u015bci\u0105 o detale. Nasz zesp\u00f3\u0142 to do\u015bwiadczeni kierowcy, kt\u00f3rzy doskonale znaj\u0105 trasy w ca\u0142ej Polsce i wiedz\u0105, jak zabezpieczy\u0107 ka\u017cdy rodzaj mienia.<\/p>\t\t\t\t\t\t\t\t<\/div>\n\t\t\t\t\t<\/div>\n\t\t<\/div>\n\t\t\t\t\t<\/div>\n\t\t<\/section>\n\t\t\t\t<section class=\"elementor-section elementor-top-section elementor-element elementor-element-d8f1d96 elementor-section-boxed elementor-section-height-default elementor-section-height-default\" data-id=\"d8f1d96\" data-element_type=\"section\" data-e-type=\"section\" data-settings=\"{&quot;background_background&quot;:&quot;classic&quot;}\">\n\t\t\t\t\t\t\t<div class=\"elementor-background-overlay\"><\/div>\n\t\t\t\t\t\t\t<div class=\"elementor-container elementor-column-gap-default\">\n\t\t\t\t\t<div class=\"elementor-column elementor-col-100 elementor-top-column elementor-element elementor-element-d017244\" data-id=\"d017244\" data-element_type=\"column\" data-e-type=\"column\">\n\t\t\t<div class=\"elementor-widget-wrap elementor-element-populated\">\n\t\t\t\t\t\t<div class=\"elementor-element elementor-element-82f553a elementor-widget elementor-widget-heading\" data-id=\"82f553a\" data-element_type=\"widget\" data-e-type=\"widget\" data-widget_type=\"heading.default\">\n\t\t\t\t\t<h2 class=\"elementor-heading-title elementor-size-default\">Potrzebujesz szybkiego transportu lub pomocy?<\/h2>\t\t\t\t<\/div>\n\t\t\t\t<div class=\"elementor-element elementor-element-4b3e58c elementor-widget elementor-widget-text-editor\" data-id=\"4b3e58c\" data-element_type=\"widget\" data-e-type=\"widget\" data-widget_type=\"text-editor.default\">\n\t\t\t\t\t\t\t\t\t<p data-path-to-node=\"6\">Jeste\u015bmy do Twojej dyspozycji przez ca\u0142\u0105 dob\u0119. Zadzwo\u0144, podaj tras\u0119 i rodzaj \u0142adunku, a my przygotujemy dla Ciebie indywidualn\u0105 wycen\u0119 w kilka minut.<\/p>\t\t\t\t\t\t\t\t<\/div>\n\t\t\t\t<div class=\"elementor-element elementor-element-97060e9 elementor-align-center elementor-widget elementor-widget-button\" data-id=\"97060e9\" data-element_type=\"widget\" data-e-type=\"widget\" data-widget_type=\"button.default\">\n\t\t\t\t\t\t\t\t\t\t<a class=\"elementor-button elementor-button-link elementor-size-md\" href=\"#\">\n\t\t\t\t\t\t<span class=\"elementor-button-content-wrapper\">\n\t\t\t\t\t\t\t\t\t<span class=\"elementor-button-text\">ZADZWO\u0143 TERAZ<\/span>\n\t\t\t\t\t<\/span>\n\t\t\t\t\t<\/a>\n\t\t\t\t\t\t\t\t<\/div>\n\t\t\t\t\t<\/div>\n\t\t<\/div>\n\t\t\t\t\t<\/div>\n\t\t<\/section>\n\t\t\t\t<\/div>\n\t\t","protected":false},"excerpt":{"rendered":"<p>O nas Nasza historia i misja Od lokalnej pomocy drogowej po og\u00f3lnopolski transport towarowy. Firma KACPI powsta\u0142a z pasji do motoryzacji i ch\u0119ci niesienia pomocy kierowcom w trudnych sytuacjach. Zaczynali\u015bmy w Tarnowie, ale dzi\u0119ki zaufaniu naszych klient\u00f3w, dzi\u015b nasze autolawety i busy dostawcze mo\u017cna spotka\u0107 na drogach w ca\u0142ym kraju. To, co nas wyr\u00f3\u017cnia, to&#8230;<\/p>\n","protected":false},"author":1,"featured_media":0,"parent":0,"menu_order":0,"comment_status":"closed","ping_status":"closed","template":"","meta":{"_kadence_starter_templates_imported_post":true,"_kad_post_transparent":"","_kad_post_title":"hide","_kad_post_layout":"fullwidth","_kad_post_sidebar_id":"","_kad_post_content_style":"unboxed","_kad_post_vertical_padding":"hide","_kad_post_feature":"hide","_kad_post_feature_position":"","_kad_post_header":false,"_kad_post_footer":false,"_kad_post_classname":"","footnotes":""},"class_list":["post-1443","page","type-page","status-publish","hentry"],"_links":{"self":[{"href":"https:\/\/lawetakacpi.pl\/index.php?rest_route=\/wp\/v2\/pages\/1443","targetHints":{"allow":["GET"]}}],"collection":[{"href":"https:\/\/lawetakacpi.pl\/index.php?rest_route=\/wp\/v2\/pages"}],"about":[{"href":"https:\/\/lawetakacpi.pl\/index.php?rest_route=\/wp\/v2\/types\/page"}],"author":[{"embeddable":true,"href":"https:\/\/lawetakacpi.pl\/index.php?rest_route=\/wp\/v2\/users\/1"}],"replies":[{"embeddable":true,"href":"https:\/\/lawetakacpi.pl\/index.php?rest_route=%2Fwp%2Fv2%2Fcomments&post=1443"}],"version-history":[{"count":20,"href":"https:\/\/lawetakacpi.pl\/index.php?rest_route=\/wp\/v2\/pages\/1443\/revisions"}],"predecessor-version":[{"id":2204,"href":"https:\/\/lawetakacpi.pl\/index.php?rest_route=\/wp\/v2\/pages\/1443\/revisions\/2204"}],"wp:attachment":[{"href":"https:\/\/lawetakacpi.pl\/index.php?rest_route=%2Fwp%2Fv2%2Fmedia&parent=1443"}],"curies":[{"name":"wp","href":"https:\/\/api.w.org\/{rel}","templated":true}]}}